{"id":599,"date":"2020-03-19T16:57:53","date_gmt":"2020-03-19T16:57:53","guid":{"rendered":"https:\/\/spielkiste.ch\/?page_id=599"},"modified":"2026-03-31T09:51:12","modified_gmt":"2026-03-31T09:51:12","slug":"jobs","status":"publish","type":"page","link":"https:\/\/spielkiste.ch\/redirect\/jobs\/","title":{"rendered":"Jobs"},"content":{"rendered":"<div id='full_slider_1'  class='avia-fullwidth-slider main_color avia-shadow   avia-builder-el-0  el_before_av_section  avia-builder-el-first   container_wrap fullsize' style=' '  ><div   data-size='no scaling'  data-lightbox_size='large'  data-animation='slide'  data-conditional_play=''  data-ids='241,240,239'  data-video_counter='0'  data-autoplay='true'  data-bg_slider='false'  data-slide_height=''  data-handle='av_slideshow_full'  data-interval='5'  data-class=' '  data-el_id=''  data-css_id=''  data-scroll_down=''  data-control_layout='av-control-hidden'  data-custom_markup=''  data-perma_caption=''  data-autoplay_stopper=''  data-image_attachment=''  data-min_height='0px'  data-src=''  data-position='top left'  data-repeat='no-repeat'  data-attach='scroll'  data-stretch=''  class='avia-slideshow avia-slideshow-1  av-control-hidden av-default-height-applied avia-slideshow-no scaling av_slideshow_full   avia-slide-slider '  itemprop=\"image\" itemscope=\"itemscope\" itemtype=\"https:\/\/schema.org\/ImageObject\" ><ul class='avia-slideshow-inner ' style='padding-bottom: 16.25%;' ><li  class=' slide-1 ' ><div data-rel='slideshow-1' class='avia-slide-wrap '   ><img src='https:\/\/spielkiste.ch\/wp-content\/uploads\/2020\/03\/safari.jpg' width='1200' height='195' title='' alt=''  itemprop=\"thumbnailUrl\"   \/><\/div><\/li><li  class=' slide-2 ' ><div data-rel='slideshow-1' class='avia-slide-wrap '   ><img src='https:\/\/spielkiste.ch\/wp-content\/uploads\/2020\/03\/puzzle.jpg' width='1200' height='195' title='' alt=''  itemprop=\"thumbnailUrl\"   \/><\/div><\/li><li  class=' slide-3 ' ><div data-rel='slideshow-1' class='avia-slide-wrap '   ><img src='https:\/\/spielkiste.ch\/wp-content\/uploads\/2020\/03\/kuhweide.jpg' width='1200' height='195' title='' alt=''  itemprop=\"thumbnailUrl\"   \/><\/div><\/li><\/ul><div class='avia-slideshow-arrows avia-slideshow-controls'><a href='#prev' class='prev-slide' aria-hidden='true' data-av_icon='\ue87c' data-av_iconfont='entypo-fontello'>Zur\u00fcck<\/a><a href='#next' class='next-slide' aria-hidden='true' data-av_icon='\ue87d' data-av_iconfont='entypo-fontello'>Weiter<\/a><\/div><div class='avia-slideshow-dots avia-slideshow-controls'><a href='#1' class='goto-slide active' >1<\/a><a href='#2' class='goto-slide ' >2<\/a><a href='#3' class='goto-slide ' >3<\/a><\/div><\/div><\/div>\n<div id='av_section_1'  class='avia-section main_color avia-section-small avia-no-border-styling avia-bg-style-scroll  avia-builder-el-1  el_after_av_slideshow_full  el_before_av_section   container_wrap fullsize' style='background-color: #ae0e16; background-image: linear-gradient(to bottom right,#e30613,#ae0e16); '  ><div class='container' ><div class='template-page content  av-content-full alpha units'><div class='post-entry post-entry-type-page post-entry-599'><div class='entry-content-wrapper clearfix'>\n<\/div><\/div><\/div><!-- close content main div --><\/div><\/div><div id='av_section_2'  class='avia-section main_color avia-section-default avia-no-shadow avia-bg-style-scroll  avia-builder-el-2  el_after_av_section  avia-builder-el-last   container_wrap fullsize' style=' '  ><div class='container' ><div class='template-page content  av-content-full alpha units'><div class='post-entry post-entry-type-page post-entry-599'><div class='entry-content-wrapper clearfix'>\n<div class='flex_column_table av-equal-height-column-flextable -flextable' style='margin-top:0px; margin-bottom:10px; '><div class=\"flex_column av_one_full  flex_column_table_cell av-equal-height-column av-align-middle first  avia-builder-el-3  el_before_av_hr  avia-builder-el-first  \" style='padding:30px 0px 0px 10px ; border-radius:0px; '><section class=\"av_textblock_section \"  itemscope=\"itemscope\" itemtype=\"https:\/\/schema.org\/CreativeWork\" ><div class='avia_textblock  '   itemprop=\"text\" ><h2><span class=\"subtitle_gruen\">Jobs<\/span><\/h2>\n<\/div><\/section><br \/>\n<section class=\"av_textblock_section \"  itemscope=\"itemscope\" itemtype=\"https:\/\/schema.org\/CreativeWork\" ><div class='avia_textblock  '   itemprop=\"text\" ><p><span class=\"subtitle_gruen\">Die Spielkiste Schweiz AG ist der f\u00fchrende Familienbetrieb in der Spielwarenwelt der Schweiz. Laufend suchen wir motivierte Mitarbeiter die unser famili\u00e4res Team erg\u00e4nzen und bereichern. <\/span><\/p>\n<\/div><\/section><\/p><\/div><\/div><!--close column table wrapper. Autoclose: 1 --><div   class='hr hr-default   avia-builder-el-6  el_after_av_one_full  el_before_av_one_third '><span class='hr-inner ' ><span class='hr-inner-style'><\/span><\/span><\/div>\n<div class='flex_column_table av-equal-height-column-flextable -flextable' ><div class=\"flex_column av_one_third  av-animated-generic left-to-right  flex_column_table_cell av-equal-height-column av-align-middle avia-link-column av-column-link first  avia-builder-el-7  el_after_av_hr  el_before_av_one_third  \" style='background-color:#ce2b2b; background:linear-gradient(to right,#ce2b2b,#ae0e16); box-shadow: 0 0 10px 0 #a3a3a3; padding:10px; border-radius:5px; ' data-link-column-url=\"https:\/\/spielkiste.ch\/wp-content\/uploads\/2026\/03\/Stelleninserat-Glatt-Teilzeit.pdf\"  data-link-column-target=\"_blank\" ><a class=\"av-screen-reader-only\" href=\"https:\/\/spielkiste.ch\/wp-content\/uploads\/2026\/03\/Stelleninserat-Glatt-Teilzeit.pdf\" target=\"_blank\" rel=\"noopener\">Folgen Sie einem manuell hinzugef\u00fcgten Link<\/a><section class=\"av_textblock_section \"  itemscope=\"itemscope\" itemtype=\"https:\/\/schema.org\/CreativeWork\" ><div class='avia_textblock  av_inherit_color '  style='color:#ffffff; '  itemprop=\"text\" ><p style=\"text-align: center;\"><strong>Detailhandelsfachfrau \/ Detailhandelsfachmann Spielwaren 60% &#8211; 80%<\/strong><\/p>\n<p style=\"text-align: center;\">Einkaufszentrum <strong>Glatt<\/strong> in Wallisellen<\/p>\n<\/div><\/section><br \/>\n<span  class=\"av_font_icon avia_animate_when_visible avia-icon-animate  av-icon-style-  avia-icon-pos-center \" style=\"color:#ffffff; border-color:#ffffff;\"><span class='av-icon-char' style='font-size:40px;line-height:40px;' aria-hidden='true' data-av_icon='\ue82d' data-av_iconfont='entypo-fontello' ><\/span><\/span><br \/>\n<div  style='height:20px' class='hr hr-invisible   avia-builder-el-10  el_after_av_font_icon  avia-builder-el-last '><span class='hr-inner ' ><span class='hr-inner-style'><\/span><\/span><\/div><\/p><\/div><div class='av-flex-placeholder'><\/div><div class=\"flex_column av_one_third  av-animated-generic left-to-right  flex_column_table_cell av-equal-height-column av-align-middle avia-link-column av-column-link   avia-builder-el-11  el_after_av_one_third  el_before_av_one_third  \" style='background-color:#ce2b2b; background:linear-gradient(to right,#ce2b2b,#ae0e16); box-shadow: 0 0 10px 0 #a3a3a3; padding:10px; border-radius:5px; ' data-link-column-url=\"https:\/\/spielkiste.ch\/wp-content\/uploads\/2026\/03\/Stelleninserat-Laenderpark-Teilzeit.pdf\"  data-link-column-target=\"_blank\" ><a class=\"av-screen-reader-only\" href=\"https:\/\/spielkiste.ch\/wp-content\/uploads\/2026\/03\/Stelleninserat-Laenderpark-Teilzeit.pdf\" target=\"_blank\" rel=\"noopener\">Folgen Sie einem manuell hinzugef\u00fcgten Link<\/a><section class=\"av_textblock_section \"  itemscope=\"itemscope\" itemtype=\"https:\/\/schema.org\/CreativeWork\" ><div class='avia_textblock  av_inherit_color '  style='color:#ffffff; '  itemprop=\"text\" ><p style=\"text-align: center;\"><strong>Detailhandelsfachfrau \/ Detailhandelsfachmann Spielwaren 60% &#8211; 80%<\/strong><\/p>\n<p style=\"text-align: center;\">Einkaufszentrum <strong>L\u00e4nderpark<\/strong> in Stans<\/p>\n<\/div><\/section><br \/>\n<span  class=\"av_font_icon avia_animate_when_visible avia-icon-animate  av-icon-style-  avia-icon-pos-center \" style=\"color:#ffffff; border-color:#ffffff;\"><span class='av-icon-char' style='font-size:40px;line-height:40px;' aria-hidden='true' data-av_icon='\ue82d' data-av_iconfont='entypo-fontello' ><\/span><\/span><br \/>\n<div  style='height:20px' class='hr hr-invisible   avia-builder-el-14  el_after_av_font_icon  avia-builder-el-last '><span class='hr-inner ' ><span class='hr-inner-style'><\/span><\/span><\/div><\/p><\/div><div class='av-flex-placeholder'><\/div><div class=\"flex_column av_one_third  av-animated-generic left-to-right  flex_column_table_cell av-equal-height-column av-align-middle avia-link-column av-column-link   avia-builder-el-15  el_after_av_one_third  el_before_av_hr  \" style='background-color:#ce2b2b; background:linear-gradient(to right,#ce2b2b,#ae0e16); box-shadow: 0 0 10px 0 #a3a3a3; padding:10px; border-radius:5px; ' data-link-column-url=\"https:\/\/spielkiste.ch\/wp-content\/uploads\/2026\/02\/Stelleninserat-Laenderpark-.pdf\"  data-link-column-target=\"_blank\" ><a class=\"av-screen-reader-only\" href=\"https:\/\/spielkiste.ch\/wp-content\/uploads\/2026\/02\/Stelleninserat-Laenderpark-.pdf\" target=\"_blank\" rel=\"noopener\">Folgen Sie einem manuell hinzugef\u00fcgten Link<\/a><section class=\"av_textblock_section \"  itemscope=\"itemscope\" itemtype=\"https:\/\/schema.org\/CreativeWork\" ><div class='avia_textblock  av_inherit_color '  style='color:#ffffff; '  itemprop=\"text\" ><p style=\"text-align: center;\"><strong>Detailhandelsfachfrau \/ Detailhandelsfachmann Spielwaren 100%<\/strong><\/p>\n<p style=\"text-align: center;\">Einkaufszentrum <strong>L\u00e4nderpark<\/strong> in Stans<\/p>\n<\/div><\/section><br \/>\n<span  class=\"av_font_icon avia_animate_when_visible avia-icon-animate  av-icon-style-  avia-icon-pos-center \" style=\"color:#ffffff; border-color:#ffffff;\"><span class='av-icon-char' style='font-size:40px;line-height:40px;' aria-hidden='true' data-av_icon='\ue82d' data-av_iconfont='entypo-fontello' ><\/span><\/span><br \/>\n<div  style='height:20px' class='hr hr-invisible   avia-builder-el-18  el_after_av_font_icon  avia-builder-el-last '><span class='hr-inner ' ><span class='hr-inner-style'><\/span><\/span><\/div><\/p><\/div><\/div><!--close column table wrapper. Autoclose: 1 --><div   class='hr hr-default   avia-builder-el-19  el_after_av_one_third  el_before_av_one_third '><span class='hr-inner ' ><span class='hr-inner-style'><\/span><\/span><\/div>\n<div class='flex_column_table av-equal-height-column-flextable -flextable' ><div class=\"flex_column av_one_third  av-animated-generic left-to-right  flex_column_table_cell av-equal-height-column av-align-middle avia-link-column av-column-link first  avia-builder-el-20  el_after_av_hr  el_before_av_one_third  \" style='background-color:#ce2b2b; background:linear-gradient(to right,#ce2b2b,#ae0e16); box-shadow: 0 0 10px 0 #a3a3a3; padding:10px; border-radius:5px; ' data-link-column-url=\"https:\/\/spielkiste.ch\/wp-content\/uploads\/2026\/01\/Allgemeines-Stelleninserat-2025-Detailhandelsfachkraefte.pdf\"  data-link-column-target=\"_blank\" ><a class=\"av-screen-reader-only\" href=\"https:\/\/spielkiste.ch\/wp-content\/uploads\/2026\/01\/Allgemeines-Stelleninserat-2025-Detailhandelsfachkraefte.pdf\" target=\"_blank\" rel=\"noopener\">Folgen Sie einem manuell hinzugef\u00fcgten Link<\/a><section class=\"av_textblock_section \"  itemscope=\"itemscope\" itemtype=\"https:\/\/schema.org\/CreativeWork\" ><div class='avia_textblock  av_inherit_color '  style='color:#ffffff; '  itemprop=\"text\" ><p style=\"text-align: center;\"><strong>DETAILHANDELSFACHKR\u00c4FTE<\/strong><\/p>\n<p style=\"text-align: center;\">Du m\u00f6chtest im Detailhandel arbeiten<br \/>\naber in einem Umfeld, das Sinn macht und Freude bereitet<br \/>\nund bringst die n\u00f6tigen Voraussetzungen mit,<br \/>\ndann freuen wir uns auf deine Bewerbung.<\/p>\n<\/div><\/section><br \/>\n<span  class=\"av_font_icon avia_animate_when_visible avia-icon-animate  av-icon-style-  avia-icon-pos-center \" style=\"color:#ffffff; border-color:#ffffff;\"><span class='av-icon-char' style='font-size:40px;line-height:40px;' aria-hidden='true' data-av_icon='\ue82d' data-av_iconfont='entypo-fontello' ><\/span><\/span><br \/>\n<div  style='height:20px' class='hr hr-invisible   avia-builder-el-23  el_after_av_font_icon  avia-builder-el-last '><span class='hr-inner ' ><span class='hr-inner-style'><\/span><\/span><\/div><\/p><\/div><div class='av-flex-placeholder'><\/div><div class=\"flex_column av_one_third  av-animated-generic left-to-right  flex_column_table_cell av-equal-height-column av-align-middle avia-link-column av-column-link   avia-builder-el-24  el_after_av_one_third  el_before_av_hr  \" style='background-color:#ce2b2b; background:linear-gradient(to right,#ce2b2b,#ae0e16); box-shadow: 0 0 10px 0 #a3a3a3; padding:10px; border-radius:5px; ' data-link-column-url=\"https:\/\/spielkiste.ch\/wp-content\/uploads\/2026\/01\/Allgemeines-Stelleninserat-2025-Nachwuchstalente.pdf\"  data-link-column-target=\"_blank\" ><a class=\"av-screen-reader-only\" href=\"https:\/\/spielkiste.ch\/wp-content\/uploads\/2026\/01\/Allgemeines-Stelleninserat-2025-Nachwuchstalente.pdf\" target=\"_blank\" rel=\"noopener\">Folgen Sie einem manuell hinzugef\u00fcgten Link<\/a><section class=\"av_textblock_section \"  itemscope=\"itemscope\" itemtype=\"https:\/\/schema.org\/CreativeWork\" ><div class='avia_textblock  av_inherit_color '  style='color:#ffffff; '  itemprop=\"text\" ><p style=\"text-align: center;\"><strong>NACHWUCHSTALENTE <\/strong><br \/>\n<strong>DETAILHANDEL EBA \/ EFZ<\/strong><\/p>\n<p style=\"text-align: center;\">Suchst du eine Lehrstelle, die abwechslungsreich ist,<br \/>\nSpass macht und dir echte Chancen f\u00fcr die Zukunft bietet?<br \/>\nWenn du auch noch die Voraussetzungen mitbringst,<br \/>\ndann bewirb dich bei uns und leg den Grundstein f\u00fcr deine berufliche Zukunft.<\/p>\n<\/div><\/section><br \/>\n<span  class=\"av_font_icon avia_animate_when_visible avia-icon-animate  av-icon-style-  avia-icon-pos-center \" style=\"color:#ffffff; border-color:#ffffff;\"><span class='av-icon-char' style='font-size:40px;line-height:40px;' aria-hidden='true' data-av_icon='\ue82d' data-av_iconfont='entypo-fontello' ><\/span><\/span><br \/>\n<div  style='height:20px' class='hr hr-invisible   avia-builder-el-27  el_after_av_font_icon  avia-builder-el-last '><span class='hr-inner ' ><span class='hr-inner-style'><\/span><\/span><\/div><\/p><\/div><\/div><!--close column table wrapper. Autoclose: 1 --><div   class='hr hr-default   avia-builder-el-28  el_after_av_one_third  avia-builder-el-last '><span class='hr-inner ' ><span class='hr-inner-style'><\/span><\/span><\/div>\n\n","protected":false},"excerpt":{"rendered":"","protected":false},"author":1,"featured_media":0,"parent":0,"menu_order":0,"comment_status":"closed","ping_status":"closed","template":"","meta":{"footnotes":""},"class_list":["post-599","page","type-page","status-publish","hentry"],"_links":{"self":[{"href":"https:\/\/spielkiste.ch\/redirect\/wp-json\/wp\/v2\/pages\/599","targetHints":{"allow":["GET"]}}],"collection":[{"href":"https:\/\/spielkiste.ch\/redirect\/wp-json\/wp\/v2\/pages"}],"about":[{"href":"https:\/\/spielkiste.ch\/redirect\/wp-json\/wp\/v2\/types\/page"}],"author":[{"embeddable":true,"href":"https:\/\/spielkiste.ch\/redirect\/wp-json\/wp\/v2\/users\/1"}],"replies":[{"embeddable":true,"href":"https:\/\/spielkiste.ch\/redirect\/wp-json\/wp\/v2\/comments?post=599"}],"version-history":[{"count":240,"href":"https:\/\/spielkiste.ch\/redirect\/wp-json\/wp\/v2\/pages\/599\/revisions"}],"predecessor-version":[{"id":2431,"href":"https:\/\/spielkiste.ch\/redirect\/wp-json\/wp\/v2\/pages\/599\/revisions\/2431"}],"wp:attachment":[{"href":"https:\/\/spielkiste.ch\/redirect\/wp-json\/wp\/v2\/media?parent=599"}],"curies":[{"name":"wp","href":"https:\/\/api.w.org\/{rel}","templated":true}]}}